{"id":12744,"date":"2018-03-31T22:27:07","date_gmt":"2018-04-01T01:27:07","guid":{"rendered":"http:\/\/www.saaebarra.ba.gov.br\/site\/?page_id=12744"},"modified":"2018-04-12T23:12:41","modified_gmt":"2018-04-13T02:12:41","slug":"nossa-legislacao","status":"publish","type":"page","link":"https:\/\/www.saaebarra.ba.gov.br\/site\/nossa-legislacao\/","title":{"rendered":"Nossa Legisla\u00e7\u00e3o"},"content":{"rendered":"<div class=\"fusion-fullwidth fullwidth-box nonhundred-percent-fullwidth non-hundred-percent-height-scrolling\"  style='background-color: rgba(255,255,255,0);background-position: center center;background-repeat: no-repeat;padding-top:0px;padding-right:0px;padding-bottom:0px;padding-left:0px;'><div class=\"fusion-builder-row fusion-row \"><div  class=\"fusion-layout-column fusion_builder_column fusion_builder_column_1_1  fusion-one-full fusion-column-first fusion-column-last 1_1\"  style='margin-top:0px;margin-bottom:0px;'>\n\t\t\t\t\t<div class=\"fusion-column-wrapper\" style=\"padding: 0px 0px 0px 0px;background-position:left top;background-repeat:no-repeat;-webkit-background-size:cover;-moz-background-size:cover;-o-background-size:cover;background-size:cover;\"  data-bg-url=\"\">\n\t\t\t\t\t\t<div class=\"fusion-title title fusion-title-size-two\" style=\"margin-top:0px;margin-bottom:0px;\"><h2 class=\"title-heading-left\"><strong><span style=\"font-family: verdana, geneva, sans-serif; color: #106cc9;\">Nossa Legisla\u00e7\u00e3o<\/span><\/strong><\/h2><div class=\"title-sep-container\"><div class=\"title-sep sep-single\" style=\"border-color:#e0dede;\"><\/div><\/div><\/div><div class=\"fusion-text\"><p><strong><span style=\"font-family: verdana, geneva, sans-serif; color: #106cc9;\">Leis do SAAE<\/span><\/strong><\/p>\n<p><span style=\"font-family: verdana, geneva, sans-serif;\">O Site Oficial do SAAE de Barra,\u00a0 se encontram dispon\u00edveis os servi\u00e7os da empresa. Esta \u00e9 a forma mais r\u00e1pida de atendimento, tudo para facilitar a sua vida.<\/span><\/p>\n<\/div><div class=\"fusion-sep-clear\"><\/div><div class=\"fusion-separator fusion-full-width-sep sep-shadow\" style=\"background:radial-gradient(ellipse at 50% -50% , #e0dede 0px, rgba(255, 255, 255, 0) 80%) repeat scroll 0 0 rgba(0, 0, 0, 0);background:-webkit-radial-gradient(ellipse at 50% -50% , #e0dede 0px, rgba(255, 255, 255, 0) 80%) repeat scroll 0 0 rgba(0, 0, 0, 0);background:-moz-radial-gradient(ellipse at 50% -50% , #e0dede 0px, rgba(255, 255, 255, 0) 80%) repeat scroll 0 0 rgba(0, 0, 0, 0);background:-o-radial-gradient(ellipse at 50% -50% , #e0dede 0px, rgba(255, 255, 255, 0) 80%) repeat scroll 0 0 rgba(0, 0, 0, 0);margin-left: auto;margin-right: auto;margin-top:5px;margin-bottom:20px;\"><\/div><div class=\"fusion-clearfix\"><\/div>\n\n\t\t\t\t\t<\/div>\n\t\t\t\t<\/div><div  class=\"fusion-layout-column fusion_builder_column fusion_builder_column_1_3  fusion-one-third fusion-column-first 1_3\"  style='margin-top:0px;margin-bottom:20px;width:33.33%;width:calc(33.33% - ( ( 4% + 4% ) * 0.3333 ) );margin-right: 4%;'>\n\t\t\t\t\t<div class=\"fusion-column-wrapper\" style=\"padding: 0px 0px 0px 0px;background-position:left top;background-repeat:no-repeat;-webkit-background-size:cover;-moz-background-size:cover;-o-background-size:cover;background-size:cover;\"  data-bg-url=\"\">\n\t\t\t\t\t\t<div class=\"fusion-button-wrapper\"><style type=\"text\/css\" scoped=\"scoped\">.fusion-button.button-1 .fusion-button-text, .fusion-button.button-1 i {color:#ffffff;}.fusion-button.button-1 {border-width:0px;border-color:#ffffff;}.fusion-button.button-1 .fusion-button-icon-divider{border-color:#ffffff;}.fusion-button.button-1:hover .fusion-button-text, .fusion-button.button-1:hover i,.fusion-button.button-1:focus .fusion-button-text, .fusion-button.button-1:focus i,.fusion-button.button-1:active .fusion-button-text, .fusion-button.button-1:active{color:#ffffff;}.fusion-button.button-1:hover, .fusion-button.button-1:focus, .fusion-button.button-1:active{border-width:0px;border-color:#ffffff;}.fusion-button.button-1:hover .fusion-button-icon-divider, .fusion-button.button-1:hover .fusion-button-icon-divider, .fusion-button.button-1:active .fusion-button-icon-divider{border-color:#ffffff;}.fusion-button.button-1{width:100%;}<\/style><a class=\"fusion-button button-flat fusion-button-round button-large button-default button-1\" target=\"_blank\" rel=\"noopener noreferrer\" title=\"Lei de Cria\u00e7\u00e3o do SAAE de Correntina\" href=\"#\"><span class=\"fusion-button-icon-divider button-icon-divider-left\"><i class=\"fa fa-download\"><\/i><\/span><span class=\"fusion-button-text fusion-button-text-left\">Lei de Cria\u00e7\u00e3o do SAAE<\/span><\/a><\/div><div class=\"fusion-sep-clear\"><\/div><div class=\"fusion-separator fusion-full-width-sep sep-double\" style=\"border-color:rgba(224,222,222,0);border-top-width:1px;border-bottom-width:1px;margin-left: auto;margin-right: auto;margin-top:5px;margin-bottom:5px;\"><\/div><div class=\"fusion-button-wrapper\"><style type=\"text\/css\" scoped=\"scoped\">.fusion-button.button-2 .fusion-button-text, .fusion-button.button-2 i {color:#ffffff;}.fusion-button.button-2 {border-width:0px;border-color:#ffffff;}.fusion-button.button-2 .fusion-button-icon-divider{border-color:#ffffff;}.fusion-button.button-2:hover .fusion-button-text, .fusion-button.button-2:hover i,.fusion-button.button-2:focus .fusion-button-text, .fusion-button.button-2:focus i,.fusion-button.button-2:active .fusion-button-text, .fusion-button.button-2:active{color:#ffffff;}.fusion-button.button-2:hover, .fusion-button.button-2:focus, .fusion-button.button-2:active{border-width:0px;border-color:#ffffff;}.fusion-button.button-2:hover .fusion-button-icon-divider, .fusion-button.button-2:hover .fusion-button-icon-divider, .fusion-button.button-2:active .fusion-button-icon-divider{border-color:#ffffff;}.fusion-button.button-2{width:100%;}<\/style><a class=\"fusion-button button-flat fusion-button-round button-large button-default button-2\" target=\"_blank\" rel=\"noopener noreferrer\" title=\"Regime Interno\" href=\"#\"><span class=\"fusion-button-icon-divider button-icon-divider-left\"><i class=\"fa fa-download\"><\/i><\/span><span class=\"fusion-button-text fusion-button-text-left\">Regime Interno do Saae<\/span><\/a><\/div><div class=\"fusion-sep-clear\"><\/div><div class=\"fusion-separator fusion-full-width-sep sep-double\" style=\"border-color:rgba(224,222,222,0);border-top-width:1px;border-bottom-width:1px;margin-left: auto;margin-right: auto;margin-top:5px;margin-bottom:5px;\"><\/div><div class=\"fusion-button-wrapper\"><style type=\"text\/css\" scoped=\"scoped\">.fusion-button.button-3 .fusion-button-text, .fusion-button.button-3 i {color:#ffffff;}.fusion-button.button-3 {border-width:0px;border-color:#ffffff;}.fusion-button.button-3 .fusion-button-icon-divider{border-color:#ffffff;}.fusion-button.button-3:hover .fusion-button-text, .fusion-button.button-3:hover i,.fusion-button.button-3:focus .fusion-button-text, .fusion-button.button-3:focus i,.fusion-button.button-3:active .fusion-button-text, .fusion-button.button-3:active{color:#ffffff;}.fusion-button.button-3:hover, .fusion-button.button-3:focus, .fusion-button.button-3:active{border-width:0px;border-color:#ffffff;}.fusion-button.button-3:hover .fusion-button-icon-divider, .fusion-button.button-3:hover .fusion-button-icon-divider, .fusion-button.button-3:active .fusion-button-icon-divider{border-color:#ffffff;}.fusion-button.button-3{width:100%;}<\/style><a class=\"fusion-button button-flat fusion-button-round button-large button-default button-3\" target=\"_blank\" rel=\"noopener noreferrer\" title=\"Leis de Tarifas e Servi\u00e7os\" href=\"#\"><span class=\"fusion-button-icon-divider button-icon-divider-left\"><i class=\"fa fa-download\"><\/i><\/span><span class=\"fusion-button-text fusion-button-text-left\">Leis de Tarifas e Servi\u00e7os<\/span><\/a><\/div><div class=\"fusion-sep-clear\"><\/div><div class=\"fusion-separator fusion-full-width-sep sep-double\" style=\"border-color:rgba(224,222,222,0);border-top-width:1px;border-bottom-width:1px;margin-left: auto;margin-right: auto;margin-top:5px;margin-bottom:5px;\"><\/div><div class=\"fusion-button-wrapper\"><style type=\"text\/css\" scoped=\"scoped\">.fusion-button.button-4 .fusion-button-text, .fusion-button.button-4 i {color:#ffffff;}.fusion-button.button-4 {border-width:0px;border-color:#ffffff;}.fusion-button.button-4 .fusion-button-icon-divider{border-color:#ffffff;}.fusion-button.button-4:hover .fusion-button-text, .fusion-button.button-4:hover i,.fusion-button.button-4:focus .fusion-button-text, .fusion-button.button-4:focus i,.fusion-button.button-4:active .fusion-button-text, .fusion-button.button-4:active{color:#ffffff;}.fusion-button.button-4:hover, .fusion-button.button-4:focus, .fusion-button.button-4:active{border-width:0px;border-color:#ffffff;}.fusion-button.button-4:hover .fusion-button-icon-divider, .fusion-button.button-4:hover .fusion-button-icon-divider, .fusion-button.button-4:active .fusion-button-icon-divider{border-color:#ffffff;}.fusion-button.button-4{width:100%;}<\/style><a class=\"fusion-button button-flat fusion-button-round button-large button-default button-4\" target=\"_blank\" rel=\"noopener noreferrer\" title=\"Lei Org\u00e2nica do Municipio\" href=\"#\"><span class=\"fusion-button-icon-divider button-icon-divider-left\"><i class=\"fa fa-download\"><\/i><\/span><span class=\"fusion-button-text fusion-button-text-left\">Lei Org\u00e2nica do Municipio<\/span><\/a><\/div><div class=\"fusion-clearfix\"><\/div>\n\n\t\t\t\t\t<\/div>\n\t\t\t\t<\/div><div  class=\"fusion-layout-column fusion_builder_column fusion_builder_column_1_3  fusion-one-third 1_3\"  style='margin-top:0px;margin-bottom:20px;width:33.33%;width:calc(33.33% - ( ( 4% + 4% ) * 0.3333 ) );margin-right: 4%;'>\n\t\t\t\t\t<div class=\"fusion-column-wrapper\" style=\"padding: 0px 0px 0px 0px;background-position:left top;background-repeat:no-repeat;-webkit-background-size:cover;-moz-background-size:cover;-o-background-size:cover;background-size:cover;\"  data-bg-url=\"\">\n\t\t\t\t\t\t<div class=\"fusion-button-wrapper\"><style type=\"text\/css\" scoped=\"scoped\">.fusion-button.button-5 .fusion-button-text, .fusion-button.button-5 i {color:#ffffff;}.fusion-button.button-5 {border-width:0px;border-color:#ffffff;}.fusion-button.button-5 .fusion-button-icon-divider{border-color:#ffffff;}.fusion-button.button-5:hover .fusion-button-text, .fusion-button.button-5:hover i,.fusion-button.button-5:focus .fusion-button-text, .fusion-button.button-5:focus i,.fusion-button.button-5:active .fusion-button-text, .fusion-button.button-5:active{color:#ffffff;}.fusion-button.button-5:hover, .fusion-button.button-5:focus, .fusion-button.button-5:active{border-width:0px;border-color:#ffffff;}.fusion-button.button-5:hover .fusion-button-icon-divider, .fusion-button.button-5:hover .fusion-button-icon-divider, .fusion-button.button-5:active .fusion-button-icon-divider{border-color:#ffffff;}.fusion-button.button-5{width:100%;}<\/style><a class=\"fusion-button button-flat fusion-button-round button-large button-default button-5\" target=\"_blank\" rel=\"noopener noreferrer\" title=\"Lei dos Recursos H\u00eddricos\" href=\"#\"><span class=\"fusion-button-icon-divider button-icon-divider-left\"><i class=\"fa fa-download\"><\/i><\/span><span class=\"fusion-button-text fusion-button-text-left\">Lei dos Recursos H\u00eddricos<\/span><\/a><\/div><div class=\"fusion-sep-clear\"><\/div><div class=\"fusion-separator fusion-full-width-sep sep-double\" style=\"border-color:rgba(224,222,222,0);border-top-width:1px;border-bottom-width:1px;margin-left: auto;margin-right: auto;margin-top:5px;margin-bottom:5px;\"><\/div><div class=\"fusion-button-wrapper\"><style type=\"text\/css\" scoped=\"scoped\">.fusion-button.button-6 .fusion-button-text, .fusion-button.button-6 i {color:#ffffff;}.fusion-button.button-6 {border-width:0px;border-color:#ffffff;}.fusion-button.button-6 .fusion-button-icon-divider{border-color:#ffffff;}.fusion-button.button-6:hover .fusion-button-text, .fusion-button.button-6:hover i,.fusion-button.button-6:focus .fusion-button-text, .fusion-button.button-6:focus i,.fusion-button.button-6:active .fusion-button-text, .fusion-button.button-6:active{color:#ffffff;}.fusion-button.button-6:hover, .fusion-button.button-6:focus, .fusion-button.button-6:active{border-width:0px;border-color:#ffffff;}.fusion-button.button-6:hover .fusion-button-icon-divider, .fusion-button.button-6:hover .fusion-button-icon-divider, .fusion-button.button-6:active .fusion-button-icon-divider{border-color:#ffffff;}.fusion-button.button-6{width:100%;}<\/style><a class=\"fusion-button button-flat fusion-button-round button-large button-default button-6\" target=\"_blank\" rel=\"noopener noreferrer\" title=\"Lei do Meio Ambiente\" href=\"#\"><span class=\"fusion-button-icon-divider button-icon-divider-left\"><i class=\"fa fa-download\"><\/i><\/span><span class=\"fusion-button-text fusion-button-text-left\">Lei do Meio Ambiente<\/span><\/a><\/div><div class=\"fusion-sep-clear\"><\/div><div class=\"fusion-separator fusion-full-width-sep sep-double\" style=\"border-color:rgba(224,222,222,0);border-top-width:1px;border-bottom-width:1px;margin-left: auto;margin-right: auto;margin-top:5px;margin-bottom:5px;\"><\/div><div class=\"fusion-button-wrapper\"><style type=\"text\/css\" scoped=\"scoped\">.fusion-button.button-7 .fusion-button-text, .fusion-button.button-7 i {color:#ffffff;}.fusion-button.button-7 {border-width:0px;border-color:#ffffff;}.fusion-button.button-7 .fusion-button-icon-divider{border-color:#ffffff;}.fusion-button.button-7:hover .fusion-button-text, .fusion-button.button-7:hover i,.fusion-button.button-7:focus .fusion-button-text, .fusion-button.button-7:focus i,.fusion-button.button-7:active .fusion-button-text, .fusion-button.button-7:active{color:#ffffff;}.fusion-button.button-7:hover, .fusion-button.button-7:focus, .fusion-button.button-7:active{border-width:0px;border-color:#ffffff;}.fusion-button.button-7:hover .fusion-button-icon-divider, .fusion-button.button-7:hover .fusion-button-icon-divider, .fusion-button.button-7:active .fusion-button-icon-divider{border-color:#ffffff;}.fusion-button.button-7{width:100%;}<\/style><a class=\"fusion-button button-flat fusion-button-round button-large button-default button-7\" target=\"_blank\" rel=\"noopener noreferrer\" title=\"Lei da \u00c1gua\" href=\"#\"><span class=\"fusion-button-icon-divider button-icon-divider-left\"><i class=\"fa fa-download\"><\/i><\/span><span class=\"fusion-button-text fusion-button-text-left\">Lei da \u00c1gua<\/span><\/a><\/div><div class=\"fusion-sep-clear\"><\/div><div class=\"fusion-separator fusion-full-width-sep sep-double\" style=\"border-color:rgba(224,222,222,0);border-top-width:1px;border-bottom-width:1px;margin-left: auto;margin-right: auto;margin-top:5px;margin-bottom:5px;\"><\/div><div class=\"fusion-button-wrapper\"><style type=\"text\/css\" scoped=\"scoped\">.fusion-button.button-8 .fusion-button-text, .fusion-button.button-8 i {color:#ffffff;}.fusion-button.button-8 {border-width:0px;border-color:#ffffff;}.fusion-button.button-8 .fusion-button-icon-divider{border-color:#ffffff;}.fusion-button.button-8:hover .fusion-button-text, .fusion-button.button-8:hover i,.fusion-button.button-8:focus .fusion-button-text, .fusion-button.button-8:focus i,.fusion-button.button-8:active .fusion-button-text, .fusion-button.button-8:active{color:#ffffff;}.fusion-button.button-8:hover, .fusion-button.button-8:focus, .fusion-button.button-8:active{border-width:0px;border-color:#ffffff;}.fusion-button.button-8:hover .fusion-button-icon-divider, .fusion-button.button-8:hover .fusion-button-icon-divider, .fusion-button.button-8:active .fusion-button-icon-divider{border-color:#ffffff;}.fusion-button.button-8{width:100%;}<\/style><a class=\"fusion-button button-flat fusion-button-round button-large button-default button-8\" target=\"_blank\" rel=\"noopener noreferrer\" title=\"Promulga\u00e7\u00e3o da Lei n\u00ba 11.445\/07\" href=\"#\"><span class=\"fusion-button-icon-divider button-icon-divider-left\"><i class=\"fa fa-download\"><\/i><\/span><span class=\"fusion-button-text fusion-button-text-left\">Promulga\u00e7\u00e3o da Lei n\u00ba 11.445\/07<\/span><\/a><\/div><div class=\"fusion-clearfix\"><\/div>\n\n\t\t\t\t\t<\/div>\n\t\t\t\t<\/div><div  class=\"fusion-layout-column fusion_builder_column fusion_builder_column_1_3  fusion-one-third fusion-column-last 1_3\"  style='margin-top:0px;margin-bottom:20px;width:33.33%;width:calc(33.33% - ( ( 4% + 4% ) * 0.3333 ) );'>\n\t\t\t\t\t<div class=\"fusion-column-wrapper\" style=\"padding: 0px 0px 0px 0px;background-position:left top;background-repeat:no-repeat;-webkit-background-size:cover;-moz-background-size:cover;-o-background-size:cover;background-size:cover;\"  data-bg-url=\"\">\n\t\t\t\t\t\t<div class=\"fusion-button-wrapper\"><style type=\"text\/css\" scoped=\"scoped\">.fusion-button.button-9 .fusion-button-text, .fusion-button.button-9 i {color:#ffffff;}.fusion-button.button-9 {border-width:0px;border-color:#ffffff;}.fusion-button.button-9 .fusion-button-icon-divider{border-color:#ffffff;}.fusion-button.button-9:hover .fusion-button-text, .fusion-button.button-9:hover i,.fusion-button.button-9:focus .fusion-button-text, .fusion-button.button-9:focus i,.fusion-button.button-9:active .fusion-button-text, .fusion-button.button-9:active{color:#ffffff;}.fusion-button.button-9:hover, .fusion-button.button-9:focus, .fusion-button.button-9:active{border-width:0px;border-color:#ffffff;}.fusion-button.button-9:hover .fusion-button-icon-divider, .fusion-button.button-9:hover .fusion-button-icon-divider, .fusion-button.button-9:active .fusion-button-icon-divider{border-color:#ffffff;}.fusion-button.button-9{width:100%;}<\/style><a class=\"fusion-button button-flat fusion-button-round button-large button-default button-9\" target=\"_blank\" rel=\"noopener noreferrer\" title=\"Portaria n\u00ba 2914\/11\" href=\"#\"><span class=\"fusion-button-icon-divider button-icon-divider-left\"><i class=\"fa fa-download\"><\/i><\/span><span class=\"fusion-button-text fusion-button-text-left\">Portaria n\u00ba 2914\/11<\/span><\/a><\/div><div class=\"fusion-sep-clear\"><\/div><div class=\"fusion-separator fusion-full-width-sep sep-double\" style=\"border-color:rgba(224,222,222,0);border-top-width:1px;border-bottom-width:1px;margin-left: auto;margin-right: auto;margin-top:5px;margin-bottom:5px;\"><\/div><div class=\"fusion-button-wrapper\"><style type=\"text\/css\" scoped=\"scoped\">.fusion-button.button-10 .fusion-button-text, .fusion-button.button-10 i {color:#ffffff;}.fusion-button.button-10 {border-width:0px;border-color:#ffffff;}.fusion-button.button-10 .fusion-button-icon-divider{border-color:#ffffff;}.fusion-button.button-10:hover .fusion-button-text, .fusion-button.button-10:hover i,.fusion-button.button-10:focus .fusion-button-text, .fusion-button.button-10:focus i,.fusion-button.button-10:active .fusion-button-text, .fusion-button.button-10:active{color:#ffffff;}.fusion-button.button-10:hover, .fusion-button.button-10:focus, .fusion-button.button-10:active{border-width:0px;border-color:#ffffff;}.fusion-button.button-10:hover .fusion-button-icon-divider, .fusion-button.button-10:hover .fusion-button-icon-divider, .fusion-button.button-10:active .fusion-button-icon-divider{border-color:#ffffff;}.fusion-button.button-10{width:100%;}<\/style><a class=\"fusion-button button-flat fusion-button-round button-large button-default button-10\" target=\"_blank\" rel=\"noopener noreferrer\" title=\"Anexo da Portaria 2914\/11\" href=\"#\"><span class=\"fusion-button-icon-divider button-icon-divider-left\"><i class=\"fa fa-download\"><\/i><\/span><span class=\"fusion-button-text fusion-button-text-left\">Anexo da Portaria 2914\/11<\/span><\/a><\/div><div class=\"fusion-sep-clear\"><\/div><div class=\"fusion-separator fusion-full-width-sep sep-double\" style=\"border-color:rgba(224,222,222,0);border-top-width:1px;border-bottom-width:1px;margin-left: auto;margin-right: auto;margin-top:5px;margin-bottom:5px;\"><\/div><div class=\"fusion-button-wrapper\"><style type=\"text\/css\" scoped=\"scoped\">.fusion-button.button-11 .fusion-button-text, .fusion-button.button-11 i {color:#ffffff;}.fusion-button.button-11 {border-width:0px;border-color:#ffffff;}.fusion-button.button-11 .fusion-button-icon-divider{border-color:#ffffff;}.fusion-button.button-11:hover .fusion-button-text, .fusion-button.button-11:hover i,.fusion-button.button-11:focus .fusion-button-text, .fusion-button.button-11:focus i,.fusion-button.button-11:active .fusion-button-text, .fusion-button.button-11:active{color:#ffffff;}.fusion-button.button-11:hover, .fusion-button.button-11:focus, .fusion-button.button-11:active{border-width:0px;border-color:#ffffff;}.fusion-button.button-11:hover .fusion-button-icon-divider, .fusion-button.button-11:hover .fusion-button-icon-divider, .fusion-button.button-11:active .fusion-button-icon-divider{border-color:#ffffff;}.fusion-button.button-11{width:100%;}<\/style><a class=\"fusion-button button-flat fusion-button-round button-large button-default button-11\" target=\"_blank\" rel=\"noopener noreferrer\" title=\"Regime Jur\u00eddico \u00danico \" href=\"#\"><span class=\"fusion-button-icon-divider button-icon-divider-left\"><i class=\"fa fa-download\"><\/i><\/span><span class=\"fusion-button-text fusion-button-text-left\">Regime Jur\u00eddico \u00danico <\/span><\/a><\/div><div class=\"fusion-clearfix\"><\/div>\n\n\t\t\t\t\t<\/div>\n\t\t\t\t<\/div><\/div><\/div>\n","protected":false},"excerpt":{"rendered":"","protected":false},"author":1,"featured_media":0,"parent":0,"menu_order":0,"comment_status":"closed","ping_status":"closed","template":"","meta":{"footnotes":""},"class_list":["post-12744","page","type-page","status-publish","hentry"],"_links":{"self":[{"href":"https:\/\/www.saaebarra.ba.gov.br\/site\/wp-json\/wp\/v2\/pages\/12744","targetHints":{"allow":["GET"]}}],"collection":[{"href":"https:\/\/www.saaebarra.ba.gov.br\/site\/wp-json\/wp\/v2\/pages"}],"about":[{"href":"https:\/\/www.saaebarra.ba.gov.br\/site\/wp-json\/wp\/v2\/types\/page"}],"author":[{"embeddable":true,"href":"https:\/\/www.saaebarra.ba.gov.br\/site\/wp-json\/wp\/v2\/users\/1"}],"replies":[{"embeddable":true,"href":"https:\/\/www.saaebarra.ba.gov.br\/site\/wp-json\/wp\/v2\/comments?post=12744"}],"version-history":[{"count":19,"href":"https:\/\/www.saaebarra.ba.gov.br\/site\/wp-json\/wp\/v2\/pages\/12744\/revisions"}],"predecessor-version":[{"id":12746,"href":"https:\/\/www.saaebarra.ba.gov.br\/site\/wp-json\/wp\/v2\/pages\/12744\/revisions\/12746"}],"wp:attachment":[{"href":"https:\/\/www.saaebarra.ba.gov.br\/site\/wp-json\/wp\/v2\/media?parent=12744"}],"curies":[{"name":"wp","href":"https:\/\/api.w.org\/{rel}","templated":true}]}}