{"id":12565,"date":"2018-03-30T10:29:23","date_gmt":"2018-03-30T13:29:23","guid":{"rendered":"http:\/\/www.saaebarra.ba.gov.br\/site\/?page_id=12565"},"modified":"2018-03-30T10:29:23","modified_gmt":"2018-03-30T13:29:23","slug":"qualidade","status":"publish","type":"page","link":"https:\/\/www.saaebarra.ba.gov.br\/site\/qualidade\/","title":{"rendered":"Qualidade"},"content":{"rendered":"<div class=\"fullheight\">\n<div class=\"container bg-color-fff\">\n<div class=\"row management\">\n<div class=\"col-lg-12 mb-12\">\n<h3><span style=\"color: #3366ff;\">PARAMETROS B\u00c1SICOS DA QUALIDADE DE \u00c1GUA<\/span><\/h3>\n<p>O SAAE desenvolve um conjunto de a\u00e7\u00f5es integradas e descentralizadas, que visam obter e garantir a potabilidade da \u00e1gua. Para isso, h\u00e1 um constante trabalho de pesquisa, avalia\u00e7\u00e3o e normatiza\u00e7\u00e3o de procedimentos, m\u00e9todos e equipamentos, com ganhos significativos para empresa e cliente: Melhoria da qualidade dos servi\u00e7os e produto. Redu\u00e7\u00e3o dos custos, atrav\u00e9s de processos que melhoram a produtividade e qualidade. Personaliza\u00e7\u00e3o da empresa como empresa confi\u00e1vel.<\/p>\n<h3><span style=\"color: #3366ff;\">\u00c1GUA BRUTA<\/span><\/h3>\n<p>No Monitoramento da qualidade da \u00e1gua bruta, s\u00e3o feitas, mensalmente, an\u00e1lises f\u00edsico-qu\u00edmicas e bacteriol\u00f3gicas pelo laborat\u00f3rio municipal situado na pr\u00f3pria esta\u00e7\u00e3o de tratamento e cianobact\u00e9rias e agrot\u00f3xicos por Laborat\u00f3rios em Salvador, visando manter a qualidade da \u00e1gua dos mananciais de abastecimento, dentro dos padr\u00f5es estabelecidos pela RESOLU\u00c7\u00c3O 020 do CONAMA &#8211; Conselho Nacional do Meio Ambiente.<\/p>\n<h3><span style=\"color: #3366ff;\">PRODU\u00c7\u00c3O<\/span><\/h3>\n<p>Na ETA, o laborat\u00f3rio de processos realiza de 2 em 2 horas an\u00e1lises f\u00edsico \u2013 qu\u00edmicas para avaliar a melhor dosagem dos produtos qu\u00edmicos, utilizados para tratamento conforme a legisla\u00e7\u00e3o em vigor.<\/p>\n<h3><span style=\"color: #3366ff;\">DISTRIBUI\u00c7\u00c3O<\/span><\/h3>\n<p>O cloro recebe um controle de dosagem para assegurar um residual de 0,2ppm em pontos da rede de distribui\u00e7\u00e3o, teor capaz de garantir a aus\u00eancia de coliformes fecais e totais, indicadores da presen\u00e7a de microorganismos patog\u00eanicos, causadores das doen\u00e7as de veicula\u00e7\u00e3o h\u00eddrica, tais como, hepatite, gastroenterite, verminoses e, inclusive, o c\u00f3lera. Al\u00e9m deste controle de dosagens, s\u00e3o realizadas an\u00e1lises para avalia\u00e7\u00e3o da qualidade sanit\u00e1ria da \u00e1gua distribu\u00edda.<\/p>\n<h3><span style=\"color: #3366ff;\">MONITORAMENTO DA QUALIDADE DE \u00c1GUA<\/span><\/h3>\n<p>Nos reservat\u00f3rios e redes de distribui\u00e7\u00e3o, \u00e9 realizado o monitoramento da \u00e1gua tratada atrav\u00e9s de an\u00e1lises f\u00edsico-qu\u00edmicas \u2013 cor, turbidez, residual de cloro, fl\u00faor, pH, teor de ferro e alum\u00ednio; exames bacteriol\u00f3gicos; pesquisas de agrot\u00f3xicos e de metais pesados, realizadas semanal, mensal e semestralmente conforme determina\u00e7\u00e3o da Portaria n\u00ba 518, de 25 de mar\u00e7o de 2004.<\/p>\n<h3><span style=\"color: #3366ff;\">\u00cdNDICE DA QUALIDADE DE \u00c1GUA<\/span><\/h3>\n<p>O laborat\u00f3rio \u00e9 devidamente estruturado para realizar an\u00e1lises, sendo o total de amostras a serem coletadas por m\u00eas, determinado de acordo com o tipo de sistema de abastecimento utilizado e o total da popula\u00e7\u00e3o abastecida. Dos resultados destas an\u00e1lises, surge o IQA \u2013 \u00cdndice da Qualidade da \u00c1gua, um indicador gerencial de alto grau de confiabilidade que visa a identifica\u00e7\u00e3o imediata de quaisquer irregularidades, apontando para a prioridade de atua\u00e7\u00e3o no sistema produtivo e otimiza\u00e7\u00e3o do processo de tratamento e controle.<\/p>\n<\/div>\n<\/div>\n<\/div>\n<div class=\"adjut-page\"><\/div>\n<\/div>\n<footer>\n<div class=\"container \">\n<div class=\"row\">\n<div class=\"col-xs-12 col-sm-6 col-md-6 col-lg-6 \"><\/div>\n<\/div>\n<\/div>\n<\/footer>\n","protected":false},"excerpt":{"rendered":"<p>PARAMETROS B\u00c1SICOS DA QUALIDADE DE \u00c1GUA O SAAE desenvolve um conjunto de a\u00e7\u00f5es integradas e descentralizadas, que visam obter e garantir a potabilidade da \u00e1gua. Para isso, h\u00e1 um constante trabalho de pesquisa, avalia\u00e7\u00e3o e normatiza\u00e7\u00e3o de procedimentos, m\u00e9todos e equipamentos, com ganhos significativos para empresa e cliente: Melhoria da qualidade dos servi\u00e7os e produto. [&hellip;]<\/p>\n","protected":false},"author":1,"featured_media":0,"parent":0,"menu_order":0,"comment_status":"closed","ping_status":"closed","template":"","meta":{"footnotes":""},"class_list":["post-12565","page","type-page","status-publish","hentry"],"_links":{"self":[{"href":"https:\/\/www.saaebarra.ba.gov.br\/site\/wp-json\/wp\/v2\/pages\/12565","targetHints":{"allow":["GET"]}}],"collection":[{"href":"https:\/\/www.saaebarra.ba.gov.br\/site\/wp-json\/wp\/v2\/pages"}],"about":[{"href":"https:\/\/www.saaebarra.ba.gov.br\/site\/wp-json\/wp\/v2\/types\/page"}],"author":[{"embeddable":true,"href":"https:\/\/www.saaebarra.ba.gov.br\/site\/wp-json\/wp\/v2\/users\/1"}],"replies":[{"embeddable":true,"href":"https:\/\/www.saaebarra.ba.gov.br\/site\/wp-json\/wp\/v2\/comments?post=12565"}],"version-history":[{"count":1,"href":"https:\/\/www.saaebarra.ba.gov.br\/site\/wp-json\/wp\/v2\/pages\/12565\/revisions"}],"predecessor-version":[{"id":12566,"href":"https:\/\/www.saaebarra.ba.gov.br\/site\/wp-json\/wp\/v2\/pages\/12565\/revisions\/12566"}],"wp:attachment":[{"href":"https:\/\/www.saaebarra.ba.gov.br\/site\/wp-json\/wp\/v2\/media?parent=12565"}],"curies":[{"name":"wp","href":"https:\/\/api.w.org\/{rel}","templated":true}]}}