{"id":12563,"date":"2018-03-30T10:27:59","date_gmt":"2018-03-30T13:27:59","guid":{"rendered":"http:\/\/www.saaebarra.ba.gov.br\/site\/?page_id=12563"},"modified":"2018-03-30T10:27:59","modified_gmt":"2018-03-30T13:27:59","slug":"parametros-basicos","status":"publish","type":"page","link":"https:\/\/www.saaebarra.ba.gov.br\/site\/parametros-basicos\/","title":{"rendered":"Par\u00e2metros b\u00e1sicos"},"content":{"rendered":"<h3><span style=\"color: #3366ff;\">TURBIDEZ<\/span><\/h3>\n<p>\u00c9 o par\u00e2metro que caracteriza a exist\u00eancia de part\u00edculas finamente divididas, dispersas na \u00e1gua, podendo deix\u00e1-la com apar\u00eancia turva, sem transpar\u00eancia. A portaria 518 de 25 de mar\u00e7o de 2004, do minist\u00e9rio da sa\u00fade, recomenda que os valores nunca ultrapassem 5 UT(Unidades de Turbidez).<\/p>\n<h3><span style=\"color: #3366ff;\">CLORO RES\u00cdDUO LIVRE<\/span><\/h3>\n<p>A aplica\u00e7\u00e3o de cloro na \u00e1gua evita contamina\u00e7\u00e3o da \u00e1gua por bact\u00e9rias nocivas ao seres humanos. O recomendado pela Portaria 518 \u00e9 que na rede de distribui\u00e7\u00e3o este valor seja sempre no m\u00e1ximo igual 2,0mg\/l.<\/p>\n<h3><span style=\"color: #3366ff;\">COLIFORMES<\/span><\/h3>\n<p>\u00c9 um par\u00e2metro microbiol\u00f3gico utilizado como indicador de contamina\u00e7\u00e3o por bact\u00e9rias de origem animal que podem causar enfermidades. Pela portaria 518, devem estar ausentes das an\u00e1lises.<\/p>\n<h3><span style=\"color: #3366ff;\">PH<\/span><\/h3>\n<p>Potencial hidrogeni\u00f4nico, respons\u00e1vel por caracter\u00edsticas como acidez e basicidade da \u00e1gua. Para aumentar a efici\u00eancia do processo de desinfec\u00e7\u00e3o recomenda-se a manuten\u00e7\u00e3o do PH um pouco abaixo de 7,0. Pela Portaria 518, o recomendado \u00e9 que seja mantido na faixa de 6,0 a 9,5.<\/p>\n<h3><span style=\"color: #3366ff;\">FLUORETO<\/span><\/h3>\n<p>A aplica\u00e7\u00e3o do fl\u00faor na \u00e1gua auxilia a preven\u00e7\u00e3o de carie dentaria. A Portaria 518 recomenda que sua concentra\u00e7\u00e3o m\u00e1xima nas \u00e1guas de abastecimento seja de 1,5mg\/l.<\/p>\n<h3><span style=\"color: #3366ff;\">COR APARENTE<\/span><\/h3>\n<p>Caracteriza-se a exist\u00eancia de part\u00edculas dilu\u00eddas na \u00e1gua podendo deix\u00e1-la com colora\u00e7\u00e3o. Valor m\u00e1ximo permitido pela Portaria 518 \u00e9 15uH.<\/p>\n","protected":false},"excerpt":{"rendered":"<p>TURBIDEZ \u00c9 o par\u00e2metro que caracteriza a exist\u00eancia de part\u00edculas finamente divididas, dispersas na \u00e1gua, podendo deix\u00e1-la com apar\u00eancia turva, sem transpar\u00eancia. A portaria 518 de 25 de mar\u00e7o de 2004, do minist\u00e9rio da sa\u00fade, recomenda que os valores nunca ultrapassem 5 UT(Unidades de Turbidez). CLORO RES\u00cdDUO LIVRE A aplica\u00e7\u00e3o de cloro na \u00e1gua evita [&hellip;]<\/p>\n","protected":false},"author":1,"featured_media":0,"parent":0,"menu_order":0,"comment_status":"closed","ping_status":"closed","template":"","meta":{"footnotes":""},"class_list":["post-12563","page","type-page","status-publish","hentry"],"_links":{"self":[{"href":"https:\/\/www.saaebarra.ba.gov.br\/site\/wp-json\/wp\/v2\/pages\/12563","targetHints":{"allow":["GET"]}}],"collection":[{"href":"https:\/\/www.saaebarra.ba.gov.br\/site\/wp-json\/wp\/v2\/pages"}],"about":[{"href":"https:\/\/www.saaebarra.ba.gov.br\/site\/wp-json\/wp\/v2\/types\/page"}],"author":[{"embeddable":true,"href":"https:\/\/www.saaebarra.ba.gov.br\/site\/wp-json\/wp\/v2\/users\/1"}],"replies":[{"embeddable":true,"href":"https:\/\/www.saaebarra.ba.gov.br\/site\/wp-json\/wp\/v2\/comments?post=12563"}],"version-history":[{"count":1,"href":"https:\/\/www.saaebarra.ba.gov.br\/site\/wp-json\/wp\/v2\/pages\/12563\/revisions"}],"predecessor-version":[{"id":12564,"href":"https:\/\/www.saaebarra.ba.gov.br\/site\/wp-json\/wp\/v2\/pages\/12563\/revisions\/12564"}],"wp:attachment":[{"href":"https:\/\/www.saaebarra.ba.gov.br\/site\/wp-json\/wp\/v2\/media?parent=12563"}],"curies":[{"name":"wp","href":"https:\/\/api.w.org\/{rel}","templated":true}]}}