{"id":12561,"date":"2018-03-30T10:25:23","date_gmt":"2018-03-30T13:25:23","guid":{"rendered":"http:\/\/www.saaebarra.ba.gov.br\/site\/?page_id=12561"},"modified":"2018-04-03T22:52:27","modified_gmt":"2018-04-04T01:52:27","slug":"qualidade-da-agua","status":"publish","type":"page","link":"https:\/\/www.saaebarra.ba.gov.br\/site\/qualidade-da-agua\/","title":{"rendered":"Qualidade da \u00c1gua"},"content":{"rendered":"<h3 class=\"page-header\"><span style=\"color: #3366ff;\">Controle de Qualidade &#8211; \u00c1gua | SAAE<\/span><\/h3>\n<div class=\"row management\">\n<div class=\"col-lg-12 mb-12\">\n<p>Para atestar a qualidade da \u00e1gua que chega at\u00e9 a sua casa, o Saae de Barra realiza monitoramentos peri\u00f3dicos.<\/p>\n<p>Durante os \u00faltimos anos, an\u00e1lises demonstram que a maioria dos par\u00e2metros analisados est\u00e3o de acordo com limites estabelecidos, ou seja, encontra-se em condi\u00e7\u00f5es de ser tratada e distribu\u00edda para consumo humano ap\u00f3s ser submetida ao processo convencional de tratamento.<\/p>\n<h3>Mais informa\u00e7\u00f5es:<\/h3>\n<p><a href=\"http:\/\/www.saaebarra.ba.gov.br\/site\/?page_id=12563&amp;preview=true\" target=\"_blank\" rel=\"noopener\">Par\u00e2metros B\u00e1sicos<\/a><br \/>\n<a href=\"http:\/\/www.saaebarra.ba.gov.br\/site\/?page_id=12565\" target=\"_blank\" rel=\"noopener\">Qualidade da \u00c1gua<\/a><\/p>\n<\/div>\n<\/div>\n","protected":false},"excerpt":{"rendered":"<p>Controle de Qualidade &#8211; \u00c1gua | SAAE Para atestar a qualidade da \u00e1gua que chega at\u00e9 a sua casa, o Saae de Barra realiza monitoramentos peri\u00f3dicos. Durante os \u00faltimos anos, an\u00e1lises demonstram que a maioria dos par\u00e2metros analisados est\u00e3o de acordo com limites estabelecidos, ou seja, encontra-se em condi\u00e7\u00f5es de ser tratada e distribu\u00edda para [&hellip;]<\/p>\n","protected":false},"author":1,"featured_media":0,"parent":0,"menu_order":0,"comment_status":"closed","ping_status":"closed","template":"","meta":{"footnotes":""},"class_list":["post-12561","page","type-page","status-publish","hentry"],"_links":{"self":[{"href":"https:\/\/www.saaebarra.ba.gov.br\/site\/wp-json\/wp\/v2\/pages\/12561","targetHints":{"allow":["GET"]}}],"collection":[{"href":"https:\/\/www.saaebarra.ba.gov.br\/site\/wp-json\/wp\/v2\/pages"}],"about":[{"href":"https:\/\/www.saaebarra.ba.gov.br\/site\/wp-json\/wp\/v2\/types\/page"}],"author":[{"embeddable":true,"href":"https:\/\/www.saaebarra.ba.gov.br\/site\/wp-json\/wp\/v2\/users\/1"}],"replies":[{"embeddable":true,"href":"https:\/\/www.saaebarra.ba.gov.br\/site\/wp-json\/wp\/v2\/comments?post=12561"}],"version-history":[{"count":4,"href":"https:\/\/www.saaebarra.ba.gov.br\/site\/wp-json\/wp\/v2\/pages\/12561\/revisions"}],"predecessor-version":[{"id":12967,"href":"https:\/\/www.saaebarra.ba.gov.br\/site\/wp-json\/wp\/v2\/pages\/12561\/revisions\/12967"}],"wp:attachment":[{"href":"https:\/\/www.saaebarra.ba.gov.br\/site\/wp-json\/wp\/v2\/media?parent=12561"}],"curies":[{"name":"wp","href":"https:\/\/api.w.org\/{rel}","templated":true}]}}