{"id":12291,"date":"2017-11-20T23:19:44","date_gmt":"2017-11-21T01:19:44","guid":{"rendered":"http:\/\/www.saaebarra.ba.gov.br\/site\/?page_id=12291"},"modified":"2018-04-03T23:17:24","modified_gmt":"2018-04-04T02:17:24","slug":"ouvidoria","status":"publish","type":"page","link":"https:\/\/www.saaebarra.ba.gov.br\/site\/ouvidoria\/","title":{"rendered":"Ouvidoria"},"content":{"rendered":"<div class=\"fusion-fullwidth fullwidth-box hundred-percent-fullwidth non-hundred-percent-height-scrolling\"  style='background-color: rgba(255,255,255,0);background-position: center center;background-repeat: no-repeat;padding-top:0px;padding-right:0px;padding-bottom:20px;padding-left:0px;'><div class=\"fusion-builder-row fusion-row \"><div  class=\"fusion-layout-column fusion_builder_column fusion_builder_column_1_1  fusion-one-full fusion-column-first fusion-column-last 1_1\"  style='margin-top:0px;margin-bottom:20px;'>\n\t\t\t\t\t<div class=\"fusion-column-wrapper\" style=\"padding: 0px 0px 0px 0px;background-position:left top;background-repeat:no-repeat;-webkit-background-size:cover;-moz-background-size:cover;-o-background-size:cover;background-size:cover;\"  data-bg-url=\"\">\n\t\t\t\t\t\t<div class=\"fusion-title title fusion-sep-none fusion-title-size-two\" style=\"margin-top:0px;margin-bottom:0px;\"><h2 class=\"title-heading-left\"><strong>Ouvidoria<\/strong><\/h2><\/div><div class=\"fusion-sep-clear\"><\/div><div class=\"fusion-separator fusion-full-width-sep sep-shadow\" style=\"background:radial-gradient(ellipse at 50% -50% , #e0dede 0px, rgba(255, 255, 255, 0) 80%) repeat scroll 0 0 rgba(0, 0, 0, 0);background:-webkit-radial-gradient(ellipse at 50% -50% , #e0dede 0px, rgba(255, 255, 255, 0) 80%) repeat scroll 0 0 rgba(0, 0, 0, 0);background:-moz-radial-gradient(ellipse at 50% -50% , #e0dede 0px, rgba(255, 255, 255, 0) 80%) repeat scroll 0 0 rgba(0, 0, 0, 0);background:-o-radial-gradient(ellipse at 50% -50% , #e0dede 0px, rgba(255, 255, 255, 0) 80%) repeat scroll 0 0 rgba(0, 0, 0, 0);margin-left: auto;margin-right: auto;margin-top:;width:100%;max-width:100%;\"><\/div><div class=\"fusion-clearfix\"><\/div>\n\n\t\t\t\t\t<\/div>\n\t\t\t\t<\/div><div  class=\"fusion-layout-column fusion_builder_column fusion_builder_column_2_3  fusion-two-third fusion-column-first 2_3\"  style='margin-top:0px;margin-bottom:20px;width:66.66%;width:calc(66.66% - ( ( 4% ) * 0.6666 ) );margin-right: 4%;'>\n\t\t\t\t\t<div class=\"fusion-column-wrapper\" style=\"padding: 0px 0px 0px 0px;background-position:left top;background-repeat:no-repeat;-webkit-background-size:cover;-moz-background-size:cover;-o-background-size:cover;background-size:cover;\"  data-bg-url=\"\">\n\t\t\t\t\t\t<div class=\"imageframe-align-center\"><span style=\"border:1px solid #f6f6f6;\" class=\"fusion-imageframe imageframe-none imageframe-1 hover-type-none\"><a href=\"http:\/\/www.saaebarra.ba.gov.br\/site\/wp-content\/uploads\/2018\/04\/ouvidoriaBarra.png\" class=\"fusion-lightbox\" data-rel=\"iLightbox[ee93c2e5fc4ac42dc98]\" data-title=\"ouvidoriaBarra\" title=\"ouvidoriaBarra\"><img loading=\"lazy\" decoding=\"async\" src=\"http:\/\/www.saaebarra.ba.gov.br\/site\/wp-content\/uploads\/2018\/04\/ouvidoriaBarra.png\" width=\"399\" height=\"351\" alt=\"\" class=\"img-responsive wp-image-12973\" srcset=\"https:\/\/www.saaebarra.ba.gov.br\/site\/wp-content\/uploads\/2018\/04\/ouvidoriaBarra-200x176.png 200w, https:\/\/www.saaebarra.ba.gov.br\/site\/wp-content\/uploads\/2018\/04\/ouvidoriaBarra.png 399w\" sizes=\"auto, (max-width: 850px) 100vw, 399px\" \/><\/a><\/span><\/div><div class=\"fusion-clearfix\"><\/div>\n\n\t\t\t\t\t<\/div>\n\t\t\t\t<\/div><div  class=\"fusion-layout-column fusion_builder_column fusion_builder_column_1_3  fusion-one-third fusion-column-last 1_3\"  style='margin-top:0px;margin-bottom:20px;width:33.33%;width:calc(33.33% - ( ( 4% ) * 0.3333 ) );'>\n\t\t\t\t\t<div class=\"fusion-column-wrapper\" style=\"padding: 0px 0px 0px 0px;background-position:left top;background-repeat:no-repeat;-webkit-background-size:cover;-moz-background-size:cover;-o-background-size:cover;background-size:cover;\"  data-bg-url=\"\">\n\t\t\t\t\t\t<div class=\"fusion-text\"><p>Solicitar a interven\u00e7\u00e3o da Ouvidoria \u00e9 um direito de clientes e demais cidad\u00e3os para\u00a0<b>situa\u00e7\u00f5es excepcionais<\/b>\u00a0e\u00a0<b>reclama\u00e7\u00f5es n\u00e3o solucionadas.<\/b><\/p>\n<\/div><div class=\"fusion-sep-clear\"><\/div><div class=\"fusion-separator sep-single sep-solid\" style=\"border-color:rgba(224,222,222,0);border-top-width:1px;margin-left: auto;margin-right: auto;margin-top:10px;width:100%;max-width:20%;\"><\/div><div class=\"fusion-text\"><p>Por isso, antes de pedir a interven\u00e7\u00e3o da Ouvidoria permita que os\u00a0<b>canais regulares\u00a0<\/b>ofere\u00e7am a solu\u00e7\u00e3o de sua reclama\u00e7\u00e3o.<\/p>\n<\/div><div class=\"fusion-title title fusion-title-center fusion-title-size-three\" style=\"margin-top:0px;margin-bottom:0px;\"><div class=\"title-sep-container title-sep-container-left\"><div class=\"title-sep sep-single\" style=\"border-color:#e0dede;\"><\/div><\/div><h3 class=\"title-heading-center\"><table class=\"conteudo-tabela\">\n<tbody>\n<tr>\n<th colspan=\"3\">Aten\u00e7\u00e3o aos prazos de resposta dos canais:<\/th>\n<\/tr>\n<\/tbody>\n<\/table><\/h3><div class=\"title-sep-container title-sep-container-right\"><div class=\"title-sep sep-single\" style=\"border-color:#e0dede;\"><\/div><\/div><\/div><div class=\"fusion-text\"><p>Para respostas a reclama\u00e7\u00f5es e recorr\u00eancias (recorr\u00eancia \u00e9 quando o cliente n\u00e3o aceita a resposta \u00e0 reclama\u00e7\u00e3o e solicita mais esclarecimentos).\u00a05 dias \u00fateis<div class=\"fusion-button-wrappercenter\"><style type=\"text\/css\" scoped=\"scoped\">.fusion-button.button-1 .fusion-button-text, .fusion-button.button-1 i {color:#ffffff;}.fusion-button.button-1 {border-width:0px;border-color:#ffffff;}.fusion-button.button-1 .fusion-button-icon-divider{border-color:#ffffff;}.fusion-button.button-1:hover .fusion-button-text, .fusion-button.button-1:hover i,.fusion-button.button-1:focus .fusion-button-text, .fusion-button.button-1:focus i,.fusion-button.button-1:active .fusion-button-text, .fusion-button.button-1:active{color:#ffffff;}.fusion-button.button-1:hover, .fusion-button.button-1:focus, .fusion-button.button-1:active{border-width:0px;border-color:#ffffff;}.fusion-button.button-1:hover .fusion-button-icon-divider, .fusion-button.button-1:hover .fusion-button-icon-divider, .fusion-button.button-1:active .fusion-button-icon-divider{border-color:#ffffff;}.fusion-button.button-1{width:100%;}<\/style><a class=\"fusion-button button-flat fusion-button-round button-medium button-default button-1\" target=\"_blank\" rel=\"noopener noreferrer\" title=\"Fale Conosco\" href=\"http:\/\/www.saaebarra.ba.gov.br\/site\/fale-com-o-saae\/\"><span class=\"fusion-button-icon-divider button-icon-divider-left\"><i class=\"fa fa-info-circle\"><\/i><\/span><span class=\"fusion-button-text fusion-button-text-left\">Fale com o SAAE<\/span><\/a><\/div><\/p>\n<\/div><div class=\"fusion-sep-clear\"><\/div><div class=\"fusion-separator fusion-full-width-sep sep-shadow\" style=\"background:radial-gradient(ellipse at 50% -50% , #e0dede 0px, rgba(255, 255, 255, 0) 80%) repeat scroll 0 0 rgba(0, 0, 0, 0);background:-webkit-radial-gradient(ellipse at 50% -50% , #e0dede 0px, rgba(255, 255, 255, 0) 80%) repeat scroll 0 0 rgba(0, 0, 0, 0);background:-moz-radial-gradient(ellipse at 50% -50% , #e0dede 0px, rgba(255, 255, 255, 0) 80%) repeat scroll 0 0 rgba(0, 0, 0, 0);background:-o-radial-gradient(ellipse at 50% -50% , #e0dede 0px, rgba(255, 255, 255, 0) 80%) repeat scroll 0 0 rgba(0, 0, 0, 0);margin-left: auto;margin-right: auto;margin-top:;width:100%;max-width:100%;\"><\/div><div class=\"fusion-text\"><p>Conforme Instru\u00e7\u00e3o Normativa n.\u00ba 1\/2014 da Ouvidoria-Geral da Uni\u00e3o. 30 dias Ouvidoria<\/p>\n<\/div><div class=\"fusion-clearfix\"><\/div>\n\n\t\t\t\t\t<\/div>\n\t\t\t\t<\/div><div  class=\"fusion-layout-column fusion_builder_column fusion_builder_column_1_1  fusion-one-full fusion-column-first fusion-column-last 1_1\"  style='margin-top:0px;margin-bottom:20px;'>\n\t\t\t\t\t<div class=\"fusion-column-wrapper\" style=\"padding: 0px 0px 0px 0px;background-position:left top;background-repeat:no-repeat;-webkit-background-size:cover;-moz-background-size:cover;-o-background-size:cover;background-size:cover;\"  data-bg-url=\"\">\n\t\t\t\t\t\t<div class=\"fusion-text\"><p>Mais de 99% das reclama\u00e7\u00f5es e recorr\u00eancias s\u00e3o solucionadas por interm\u00e9dio dos nossos\u00a0<b>canais regulares<\/b>\u00a0de atendimento a reclama\u00e7\u00f5es.\u00a0Entretanto, se esgotou a possibilidade de recorrer sem obter solu\u00e7\u00e3o satisfat\u00f3ria, a Ouvidoria, como canal de \u00faltima inst\u00e2ncia, vai interagir com os setores e departamentos internos da empresa visando \u00e0 solu\u00e7\u00e3o dos problemas apresentados e \u00e0 melhoria dos servi\u00e7os prestados.<\/p>\n<\/div><div class=\"fusion-clearfix\"><\/div>\n\n\t\t\t\t\t<\/div>\n\t\t\t\t<\/div><div  class=\"fusion-layout-column fusion_builder_column fusion_builder_column_1_3  fusion-one-third fusion-column-first 1_3\"  style='margin-top:0px;margin-bottom:20px;width:33.33%;width:calc(33.33% - ( ( 4% ) * 0.3333 ) );margin-right: 4%;'>\n\t\t\t\t\t<div class=\"fusion-column-wrapper\" style=\"padding: 0px 0px 0px 0px;background-position:left top;background-repeat:no-repeat;-webkit-background-size:cover;-moz-background-size:cover;-o-background-size:cover;background-size:cover;\"  data-bg-url=\"\">\n\t\t\t\t\t\t<div class=\"fusion-title title fusion-sep-none fusion-title-size-three\" style=\"margin-top:0px;margin-bottom:0px;\"><h3 class=\"title-heading-left\">Para solicitar a interven\u00e7\u00e3o da Ouvidoria, preencha o formul\u00e1rio.<\/h3><\/div><div class=\"fusion-sep-clear\"><\/div><div class=\"fusion-separator fusion-full-width-sep sep-shadow\" style=\"background:radial-gradient(ellipse at 50% -50% , #e0dede 0px, rgba(255, 255, 255, 0) 80%) repeat scroll 0 0 rgba(0, 0, 0, 0);background:-webkit-radial-gradient(ellipse at 50% -50% , #e0dede 0px, rgba(255, 255, 255, 0) 80%) repeat scroll 0 0 rgba(0, 0, 0, 0);background:-moz-radial-gradient(ellipse at 50% -50% , #e0dede 0px, rgba(255, 255, 255, 0) 80%) repeat scroll 0 0 rgba(0, 0, 0, 0);background:-o-radial-gradient(ellipse at 50% -50% , #e0dede 0px, rgba(255, 255, 255, 0) 80%) repeat scroll 0 0 rgba(0, 0, 0, 0);margin-left: auto;margin-right: auto;margin-top:;width:100%;max-width:100%;\"><\/div><div class=\"caldera-grid\" id=\"caldera_form_1\" data-cf-ver=\"1.9.4\" data-cf-form-id=\"CF5a138c8c3036e\"><div id=\"caldera_notices_1\" data-spinner=\"https:\/\/www.saaebarra.ba.gov.br\/site\/wp-admin\/images\/spinner.gif\"><\/div><form data-instance=\"1\" class=\"CF5a138c8c3036e caldera_forms_form cfajax-trigger\" method=\"POST\" enctype=\"multipart\/form-data\" id=\"CF5a138c8c3036e_1\" data-form-id=\"CF5a138c8c3036e\" aria-label=\"ouvidoria\" data-target=\"#caldera_notices_1\" data-template=\"#cfajax_CF5a138c8c3036e-tmpl\" data-cfajax=\"CF5a138c8c3036e\" data-load-element=\"_parent\" data-load-class=\"cf_processing\" data-post-disable=\"0\" data-action=\"cf_process_ajax_submit\" data-request=\"https:\/\/www.saaebarra.ba.gov.br\/site\/cf-api\/CF5a138c8c3036e\" data-hiderows=\"true\">\r\n<input type=\"hidden\" id=\"_cf_verify_CF5a138c8c3036e\" name=\"_cf_verify\" value=\"e6133d4d64\"  data-nonce-time=\"1776378520\" \/><input type=\"hidden\" name=\"_wp_http_referer\" value=\"\/site\/wp-json\/wp\/v2\/pages\/12291\" \/><div id=\"cf2-CF5a138c8c3036e_1\"><\/div><input type=\"hidden\" name=\"_cf_frm_id\" value=\"CF5a138c8c3036e\">\r\n<input type=\"hidden\" name=\"_cf_frm_ct\" value=\"1\">\r\n<input type=\"hidden\" name=\"cfajax\" value=\"CF5a138c8c3036e\">\r\n<input type=\"hidden\" name=\"_cf_cr_pst\" value=\"12291\">\r\n<div class=\"hide\" style=\"display:none; overflow:hidden;height:0;width:0;\">\r\n<label>Web Site<\/label><input type=\"text\" name=\"web_site\" value=\"\" autocomplete=\"off\">\r\n<\/div><div id=\"CF5a138c8c3036e_1-row-1\"  class=\"row  single\"><div  class=\"col-sm-12  single\"><div data-field-wrapper=\"fld_3019547\" class=\"form-group\" id=\"fld_3019547_1-wrap\">\r\n\t<label id=\"fld_3019547Label\" for=\"fld_3019547_1\" class=\"control-label\">Nome completo <span aria-hidden=\"true\" role=\"presentation\" class=\"field_required\" style=\"color:#ee0000;\">*<\/span><\/label>\r\n\t<div class=\"\">\r\n\t\t<input   required type=\"text\" data-field=\"fld_3019547\" class=\" form-control\" id=\"fld_3019547_1\" name=\"fld_3019547\" value=\"\" data-type=\"text\" aria-required=\"true\"   aria-labelledby=\"fld_3019547Label\" >\t\t\t<\/div>\r\n<\/div>\r\n<div data-field-wrapper=\"fld_9832130\" class=\"form-group\" id=\"fld_9832130_1-wrap\">\r\n\t<label id=\"fld_9832130Label\" for=\"fld_9832130_1\" class=\"control-label\">E-mail <span aria-hidden=\"true\" role=\"presentation\" class=\"field_required\" style=\"color:#ee0000;\">*<\/span><\/label>\r\n\t<div class=\"\">\r\n\t\t<input   required type=\"email\" data-field=\"fld_9832130\" class=\" form-control\" id=\"fld_9832130_1\" name=\"fld_9832130\" value=\"\" data-type=\"email\" aria-required=\"true\"   aria-labelledby=\"fld_9832130Label\" >\t\t\t<\/div>\r\n<\/div>\r\n<div data-field-wrapper=\"fld_4178852\" class=\"form-group\" id=\"fld_4178852_1-wrap\">\r\n\t<label id=\"fld_4178852Label\" for=\"fld_4178852_1\" class=\"control-label\">Sua manifesta\u00e7\u00e3o <span aria-hidden=\"true\" role=\"presentation\" class=\"field_required\" style=\"color:#ee0000;\">*<\/span><\/label>\r\n\t<div class=\"\">\r\n\t\t<textarea name=\"fld_4178852\" value=\"\" data-field=\"fld_4178852\" class=\"form-control\" id=\"fld_4178852_1\" rows=\"4\"  required=\"required\"  aria-labelledby=\"fld_4178852Label\" ><\/textarea>\n\t\t\t<\/div>\r\n<\/div>\r\n<div data-field-wrapper=\"fld_5970140\" class=\"form-group\" id=\"fld_5970140_1-wrap\">\r\n<div class=\"\">\r\n\t<input  class=\"btn btn-default\" type=\"submit\" name=\"fld_5970140\" id=\"fld_5970140_1\" value=\"Enviar\" data-field=\"fld_5970140\"  >\n<\/div>\r\n<\/div>\r\n\t<input class=\"button_trigger_1\" type=\"hidden\" name=\"fld_5970140\" id=\"fld_5970140_1_btn\" value=\"\" data-field=\"fld_5970140\"  \/>\n<\/div><\/div><\/form>\r\n<\/div>\r\n<div class=\"fusion-clearfix\"><\/div>\n\n\t\t\t\t\t<\/div>\n\t\t\t\t<\/div><div  class=\"fusion-layout-column fusion_builder_column fusion_builder_column_2_3  fusion-two-third fusion-column-last 2_3\"  style='margin-top:0px;margin-bottom:20px;width:66.66%;width:calc(66.66% - ( ( 4% ) * 0.6666 ) );'>\n\t\t\t\t\t<div class=\"fusion-column-wrapper\" style=\"padding: 0px 0px 0px 0px;background-position:left top;background-repeat:no-repeat;-webkit-background-size:cover;-moz-background-size:cover;-o-background-size:cover;background-size:cover;\"  data-bg-url=\"\">\n\t\t\t\t\t\t<div class=\"fusion-button-wrapper\"><style type=\"text\/css\" scoped=\"scoped\">.fusion-button.button-2 .fusion-button-text, .fusion-button.button-2 i {color:#ffffff;}.fusion-button.button-2 {border-width:0px;border-color:#ffffff;}.fusion-button.button-2 .fusion-button-icon-divider{border-color:#ffffff;}.fusion-button.button-2:hover .fusion-button-text, .fusion-button.button-2:hover i,.fusion-button.button-2:focus .fusion-button-text, .fusion-button.button-2:focus i,.fusion-button.button-2:active .fusion-button-text, .fusion-button.button-2:active{color:#ffffff;}.fusion-button.button-2:hover, .fusion-button.button-2:focus, .fusion-button.button-2:active{border-width:0px;border-color:#ffffff;}.fusion-button.button-2:hover .fusion-button-icon-divider, .fusion-button.button-2:hover .fusion-button-icon-divider, .fusion-button.button-2:active .fusion-button-icon-divider{border-color:#ffffff;}.fusion-button.button-2{width:100%;}<\/style><a class=\"fusion-button button-flat fusion-button-round button-large button-default button-2 fusion-animated\" data-animationType=\"flash\" data-animationDuration=\"0.3\" data-animationOffset=\"100%\" target=\"_blank\" rel=\"noopener noreferrer\" title=\"Esse link vai redirecionar para a Prefeitura de Barra\" href=\"http:\/\/www.tag.ouvidoriasconveniadas.ba.gov.br\/TagPrefBarra\/taghub.dll\/EXEC\"><span class=\"fusion-button-text fusion-button-text-right\">Ouvidoria da Prefeitura de Barra<\/span><span class=\"fusion-button-icon-divider button-icon-divider-right\"><i class=\"fa fa-link\"><\/i><\/span><\/a><\/div><div class=\"fusion-clearfix\"><\/div>\n\n\t\t\t\t\t<\/div>\n\t\t\t\t<\/div><\/div><\/div>\n","protected":false},"excerpt":{"rendered":"","protected":false},"author":1,"featured_media":0,"parent":0,"menu_order":0,"comment_status":"closed","ping_status":"closed","template":"","meta":{"footnotes":""},"class_list":["post-12291","page","type-page","status-publish","hentry"],"_links":{"self":[{"href":"https:\/\/www.saaebarra.ba.gov.br\/site\/wp-json\/wp\/v2\/pages\/12291","targetHints":{"allow":["GET"]}}],"collection":[{"href":"https:\/\/www.saaebarra.ba.gov.br\/site\/wp-json\/wp\/v2\/pages"}],"about":[{"href":"https:\/\/www.saaebarra.ba.gov.br\/site\/wp-json\/wp\/v2\/types\/page"}],"author":[{"embeddable":true,"href":"https:\/\/www.saaebarra.ba.gov.br\/site\/wp-json\/wp\/v2\/users\/1"}],"replies":[{"embeddable":true,"href":"https:\/\/www.saaebarra.ba.gov.br\/site\/wp-json\/wp\/v2\/comments?post=12291"}],"version-history":[{"count":22,"href":"https:\/\/www.saaebarra.ba.gov.br\/site\/wp-json\/wp\/v2\/pages\/12291\/revisions"}],"predecessor-version":[{"id":12975,"href":"https:\/\/www.saaebarra.ba.gov.br\/site\/wp-json\/wp\/v2\/pages\/12291\/revisions\/12975"}],"wp:attachment":[{"href":"https:\/\/www.saaebarra.ba.gov.br\/site\/wp-json\/wp\/v2\/media?parent=12291"}],"curies":[{"name":"wp","href":"https:\/\/api.w.org\/{rel}","templated":true}]}}