{"id":12199,"date":"2017-10-23T02:32:27","date_gmt":"2017-10-23T04:32:27","guid":{"rendered":"http:\/\/www.saaebarra.ba.gov.br\/site\/?page_id=12199"},"modified":"2018-04-27T02:35:33","modified_gmt":"2018-04-27T05:35:33","slug":"fale-com-o-saae","status":"publish","type":"page","link":"https:\/\/www.saaebarra.ba.gov.br\/site\/fale-com-o-saae\/","title":{"rendered":"Fale com o Saae"},"content":{"rendered":"<div class=\"fusion-fullwidth fullwidth-box nonhundred-percent-fullwidth non-hundred-percent-height-scrolling\"  style='background-color: rgba(255,255,255,0);background-position: center center;background-repeat: no-repeat;padding-top:20px;padding-right:0px;padding-bottom:20px;padding-left:0px;'><div class=\"fusion-builder-row fusion-row \"><div  class=\"fusion-layout-column fusion_builder_column fusion_builder_column_1_1  fusion-one-full fusion-column-first fusion-column-last 1_1\"  style='margin-top:0px;margin-bottom:20px;'>\n\t\t\t\t\t<div class=\"fusion-column-wrapper\" style=\"padding: 0px 0px 0px 0px;background-position:left top;background-repeat:no-repeat;-webkit-background-size:cover;-moz-background-size:cover;-o-background-size:cover;background-size:cover;\"  data-bg-url=\"\">\n\t\t\t\t\t\t<div class=\"fusion-title title fusion-sep-none fusion-title-size-two\" style=\"margin-top:0px;margin-bottom:0px;\"><h2 class=\"title-heading-left\"><strong><span style=\"color: #106cc9;\">Fale com o SAAE<\/span><\/strong><\/h2><\/div><div class=\"fusion-sep-clear\"><\/div><div class=\"fusion-separator fusion-full-width-sep sep-shadow\" style=\"background:radial-gradient(ellipse at 50% -50% , #e0dede 0px, rgba(255, 255, 255, 0) 80%) repeat scroll 0 0 rgba(0, 0, 0, 0);background:-webkit-radial-gradient(ellipse at 50% -50% , #e0dede 0px, rgba(255, 255, 255, 0) 80%) repeat scroll 0 0 rgba(0, 0, 0, 0);background:-moz-radial-gradient(ellipse at 50% -50% , #e0dede 0px, rgba(255, 255, 255, 0) 80%) repeat scroll 0 0 rgba(0, 0, 0, 0);background:-o-radial-gradient(ellipse at 50% -50% , #e0dede 0px, rgba(255, 255, 255, 0) 80%) repeat scroll 0 0 rgba(0, 0, 0, 0);margin-left: auto;margin-right: auto;margin-top:10px;margin-bottom:10px;\"><\/div><div class=\"fusion-text\"><p><span style=\"font-family: verdana, geneva, sans-serif;\">Voc\u00ea pode entrar em contato conosco de qualquer maneira que seja conveniente para voc\u00ea. Voc\u00ea tamb\u00e9m pode usar um formul\u00e1rio de contato r\u00e1pido abaixo ou visite-nos pessoalmente.<\/span><\/p>\n<p><span style=\"font-family: verdana, geneva, sans-serif;\">Teremos todo o gosto em responder \u00e0s suas perguntas.<\/span><\/p>\n<\/div><div class=\"fusion-clearfix\"><\/div>\n\n\t\t\t\t\t<\/div>\n\t\t\t\t<\/div><div  class=\"fusion-layout-column fusion_builder_column fusion_builder_column_1_2  fusion-one-half fusion-column-first 1_2\"  style='margin-top:0px;margin-bottom:20px;width:50%;width:calc(50% - ( ( 4% ) * 0.5 ) );margin-right: 4%;'>\n\t\t\t\t\t<div class=\"fusion-column-wrapper\" style=\"padding: 0px 5px 0px 5px;background-position:left top;background-repeat:no-repeat;-webkit-background-size:cover;-moz-background-size:cover;-o-background-size:cover;background-size:cover;\"  data-bg-url=\"\">\n\t\t\t\t\t\t<div class=\"fusion-title title fusion-title-size-two\" style=\"margin-top:0px;margin-bottom:0px;\"><h2 class=\"title-heading-left\"><span style=\"font-family: verdana, geneva, sans-serif; color: #106cc9;\">Localiza\u00e7\u00e3o<\/span><\/h2><div class=\"title-sep-container\"><div class=\"title-sep sep-single\" style=\"border-color:#e0dede;\"><\/div><\/div><\/div><iframe loading=\"lazy\" src=\"https:\/\/www.google.com\/maps\/embed?pb=!1m18!1m12!1m3!1d15661.099112050746!2d-43.15346097249174!3d-11.092886973715038!2m3!1f0!2f0!3f0!3m2!1i1024!2i768!4f13.1!3m3!1m2!1s0x0%3A0x3fb63045af0f1d6a!2sServi%C3%A7o+Aut%C3%B4nomo+de+%C3%81gua+e+Esgoto!5e0!3m2!1spt-BR!2sbr!4v1524807234737\" width=\"600\" height=\"450\" frameborder=\"0\" style=\"border:0\" allowfullscreen><\/iframe><div class=\"fusion-clearfix\"><\/div>\n\n\t\t\t\t\t<\/div>\n\t\t\t\t<\/div><div  class=\"fusion-layout-column fusion_builder_column fusion_builder_column_1_2  fusion-one-half fusion-column-last 1_2\"  style='margin-top:0px;margin-bottom:20px;width:50%;width:calc(50% - ( ( 4% ) * 0.5 ) );'>\n\t\t\t\t\t<div class=\"fusion-column-wrapper\" style=\"padding: 0px 5px 0px 5px;background-position:left top;background-repeat:no-repeat;-webkit-background-size:cover;-moz-background-size:cover;-o-background-size:cover;background-size:cover;\"  data-bg-url=\"\">\n\t\t\t\t\t\t<div class=\"fusion-title title fusion-title-size-two\" style=\"margin-top:0px;margin-bottom:0px;\"><h2 class=\"title-heading-left\"><span style=\"font-family: verdana, geneva, sans-serif; color: #106cc9;\">Contate-nos<\/span><\/h2><div class=\"title-sep-container\"><div class=\"title-sep sep-single\" style=\"border-color:#e0dede;\"><\/div><\/div><\/div><div class=\"caldera-grid\" id=\"caldera_form_1\" data-cf-ver=\"1.9.4\" data-cf-form-id=\"CF59d42d73d0a53\"><div id=\"caldera_notices_1\" data-spinner=\"https:\/\/www.saaebarra.ba.gov.br\/site\/wp-admin\/images\/spinner.gif\"><\/div><form data-instance=\"1\" class=\"CF59d42d73d0a53 caldera_forms_form cfajax-trigger\" method=\"POST\" enctype=\"multipart\/form-data\" id=\"CF59d42d73d0a53_1\" data-form-id=\"CF59d42d73d0a53\" aria-label=\"Contato\" data-target=\"#caldera_notices_1\" data-template=\"#cfajax_CF59d42d73d0a53-tmpl\" data-cfajax=\"CF59d42d73d0a53\" data-load-element=\"_parent\" data-load-class=\"cf_processing\" data-post-disable=\"0\" data-action=\"cf_process_ajax_submit\" data-request=\"https:\/\/www.saaebarra.ba.gov.br\/site\/cf-api\/CF59d42d73d0a53\" data-hiderows=\"true\">\r\n<input type=\"hidden\" id=\"_cf_verify_CF59d42d73d0a53\" name=\"_cf_verify\" value=\"47db2671ca\"  data-nonce-time=\"1776378521\" \/><input type=\"hidden\" name=\"_wp_http_referer\" value=\"\/site\/wp-json\/wp\/v2\/pages\/12199\" \/><div id=\"cf2-CF59d42d73d0a53_1\"><\/div><input type=\"hidden\" name=\"_cf_frm_id\" value=\"CF59d42d73d0a53\">\r\n<input type=\"hidden\" name=\"_cf_frm_ct\" value=\"1\">\r\n<input type=\"hidden\" name=\"cfajax\" value=\"CF59d42d73d0a53\">\r\n<input type=\"hidden\" name=\"_cf_cr_pst\" value=\"12199\">\r\n<div class=\"hide\" style=\"display:none; overflow:hidden;height:0;width:0;\">\r\n<label>Url<\/label><input type=\"text\" name=\"url\" value=\"\" autocomplete=\"off\">\r\n<\/div><div id=\"CF59d42d73d0a53_1-row-1\"  class=\"row  single\"><div  class=\"col-sm-12  single\"><div data-field-wrapper=\"fld_9345587\" class=\"form-group\" id=\"fld_9345587_1-wrap\">\r\n\t<label id=\"fld_9345587Label\" for=\"fld_9345587_1\" class=\"control-label\">Nome Completo <span aria-hidden=\"true\" role=\"presentation\" class=\"field_required\" style=\"color:#ee0000;\">*<\/span><\/label>\r\n\t<div class=\"\">\r\n\t\t<input   required type=\"text\" data-field=\"fld_9345587\" class=\" form-control\" id=\"fld_9345587_1\" name=\"fld_9345587\" value=\"\" data-type=\"text\" aria-required=\"true\"   aria-labelledby=\"fld_9345587Label\" >\t\t\t<\/div>\r\n<\/div>\r\n<div data-field-wrapper=\"fld_4813556\" class=\"form-group\" id=\"fld_4813556_1-wrap\">\r\n\t<label id=\"fld_4813556Label\" for=\"fld_4813556_1\" class=\"control-label\">E-Mail <span aria-hidden=\"true\" role=\"presentation\" class=\"field_required\" style=\"color:#ee0000;\">*<\/span><\/label>\r\n\t<div class=\"\">\r\n\t\t<input   required type=\"email\" data-field=\"fld_4813556\" class=\" form-control\" id=\"fld_4813556_1\" name=\"fld_4813556\" value=\"\" data-type=\"email\" aria-required=\"true\"   aria-labelledby=\"fld_4813556Label\" >\t\t\t<\/div>\r\n<\/div>\r\n<div data-field-wrapper=\"fld_4150576\" class=\"form-group\" id=\"fld_4150576_1-wrap\">\r\n\t<label id=\"fld_4150576Label\" for=\"fld_4150576_1\" class=\"control-label\">Telefone <span aria-hidden=\"true\" role=\"presentation\" class=\"field_required\" style=\"color:#ee0000;\">*<\/span><\/label>\r\n\t<div class=\"\">\r\n\t\t<input   required type=\"text\" data-field=\"fld_4150576\" class=\" form-control\" id=\"fld_4150576_1\" name=\"fld_4150576\" value=\"\" data-type=\"text\" aria-required=\"true\"   aria-labelledby=\"fld_4150576Label\" >\t\t\t<\/div>\r\n<\/div>\r\n<div data-field-wrapper=\"fld_8955118\" class=\"form-group\" id=\"fld_8955118_1-wrap\">\r\n\t<label id=\"fld_8955118Label\" for=\"fld_8955118_1\" class=\"control-label\">Assunto <span aria-hidden=\"true\" role=\"presentation\" class=\"field_required\" style=\"color:#ee0000;\">*<\/span><\/label>\r\n\t<div class=\"\">\r\n\t\t<input   required type=\"text\" data-field=\"fld_8955118\" class=\" form-control\" id=\"fld_8955118_1\" name=\"fld_8955118\" value=\"\" data-type=\"text\" aria-required=\"true\"   aria-labelledby=\"fld_8955118Label\" >\t\t\t<\/div>\r\n<\/div>\r\n<div data-field-wrapper=\"fld_2368375\" class=\"form-group\" id=\"fld_2368375_1-wrap\">\r\n\t<label id=\"fld_2368375Label\" for=\"fld_2368375_1\" class=\"control-label\">Bairro <span aria-hidden=\"true\" role=\"presentation\" class=\"field_required\" style=\"color:#ee0000;\">*<\/span><\/label>\r\n\t<div class=\"\">\r\n\t\t<input   required type=\"text\" data-field=\"fld_2368375\" class=\" form-control\" id=\"fld_2368375_1\" name=\"fld_2368375\" value=\"\" data-type=\"text\" aria-required=\"true\"   aria-labelledby=\"fld_2368375Label\" >\t\t\t<\/div>\r\n<\/div>\r\n<div data-field-wrapper=\"fld_7787032\" class=\"form-group\" id=\"fld_7787032_1-wrap\">\r\n\t<label id=\"fld_7787032Label\" for=\"fld_7787032_1\" class=\"control-label\">Descri\u00e7\u00e3o<\/label>\r\n\t<div class=\"\">\r\n\t\t<textarea name=\"fld_7787032\" value=\"\" data-field=\"fld_7787032\" class=\"form-control\" id=\"fld_7787032_1\" rows=\"4\"    aria-labelledby=\"fld_7787032Label\" ><\/textarea>\n\t\t\t<\/div>\r\n<\/div>\r\n<div data-field-wrapper=\"fld_3540347\" class=\"form-group\" id=\"fld_3540347_1-wrap\">\r\n<div class=\"\">\r\n\t<input  class=\"btn btn-default\" type=\"submit\" name=\"fld_3540347\" id=\"fld_3540347_1\" value=\"Enviar\" data-field=\"fld_3540347\"  >\n<\/div>\r\n<\/div>\r\n\t<input class=\"button_trigger_1\" type=\"hidden\" name=\"fld_3540347\" id=\"fld_3540347_1_btn\" value=\"\" data-field=\"fld_3540347\"  \/>\n<\/div><\/div><\/form>\r\n<\/div>\r\n<div class=\"fusion-clearfix\"><\/div>\n\n\t\t\t\t\t<\/div>\n\t\t\t\t<\/div><div  class=\"fusion-layout-column fusion_builder_column fusion_builder_column_1_1  fusion-one-full fusion-column-first fusion-column-last 1_1\"  style='margin-top:0px;margin-bottom:20px;'>\n\t\t\t\t\t<div class=\"fusion-column-wrapper\" style=\"padding: 0px 0px 0px 0px;background-position:left top;background-repeat:no-repeat;-webkit-background-size:cover;-moz-background-size:cover;-o-background-size:cover;background-size:cover;\"  data-bg-url=\"\">\n\t\t\t\t\t\t<div class=\"fusion-sep-clear\"><\/div><div class=\"fusion-separator fusion-full-width-sep sep-shadow\" style=\"background:radial-gradient(ellipse at 50% -50% , #e0dede 0px, rgba(255, 255, 255, 0) 80%) repeat scroll 0 0 rgba(0, 0, 0, 0);background:-webkit-radial-gradient(ellipse at 50% -50% , #e0dede 0px, rgba(255, 255, 255, 0) 80%) repeat scroll 0 0 rgba(0, 0, 0, 0);background:-moz-radial-gradient(ellipse at 50% -50% , #e0dede 0px, rgba(255, 255, 255, 0) 80%) repeat scroll 0 0 rgba(0, 0, 0, 0);background:-o-radial-gradient(ellipse at 50% -50% , #e0dede 0px, rgba(255, 255, 255, 0) 80%) repeat scroll 0 0 rgba(0, 0, 0, 0);margin-left: auto;margin-right: auto;margin-top:20px;margin-bottom:20px;\"><\/div><div class=\"fusion-title title fusion-title-size-two\" style=\"margin-top:0px;margin-bottom:0px;\"><h2 class=\"title-heading-left\"><span style=\"font-family: verdana, geneva, sans-serif; color: #106cc9;\">Hor\u00e1rios de Funcionamento : 7h \u00e0 13h<\/span><\/h2><div class=\"title-sep-container\"><div class=\"title-sep sep-single\" style=\"border-color:#e0dede;\"><\/div><\/div><\/div><div class=\"fusion-clearfix\"><\/div>\n\n\t\t\t\t\t<\/div>\n\t\t\t\t<\/div><\/div><\/div>\n","protected":false},"excerpt":{"rendered":"","protected":false},"author":1,"featured_media":0,"parent":0,"menu_order":0,"comment_status":"closed","ping_status":"closed","template":"","meta":{"footnotes":""},"class_list":["post-12199","page","type-page","status-publish","hentry"],"_links":{"self":[{"href":"https:\/\/www.saaebarra.ba.gov.br\/site\/wp-json\/wp\/v2\/pages\/12199","targetHints":{"allow":["GET"]}}],"collection":[{"href":"https:\/\/www.saaebarra.ba.gov.br\/site\/wp-json\/wp\/v2\/pages"}],"about":[{"href":"https:\/\/www.saaebarra.ba.gov.br\/site\/wp-json\/wp\/v2\/types\/page"}],"author":[{"embeddable":true,"href":"https:\/\/www.saaebarra.ba.gov.br\/site\/wp-json\/wp\/v2\/users\/1"}],"replies":[{"embeddable":true,"href":"https:\/\/www.saaebarra.ba.gov.br\/site\/wp-json\/wp\/v2\/comments?post=12199"}],"version-history":[{"count":16,"href":"https:\/\/www.saaebarra.ba.gov.br\/site\/wp-json\/wp\/v2\/pages\/12199\/revisions"}],"predecessor-version":[{"id":13050,"href":"https:\/\/www.saaebarra.ba.gov.br\/site\/wp-json\/wp\/v2\/pages\/12199\/revisions\/13050"}],"wp:attachment":[{"href":"https:\/\/www.saaebarra.ba.gov.br\/site\/wp-json\/wp\/v2\/media?parent=12199"}],"curies":[{"name":"wp","href":"https:\/\/api.w.org\/{rel}","templated":true}]}}